{"id":19213,"date":"2024-12-09T18:11:17","date_gmt":"2024-12-09T23:11:17","guid":{"rendered":"https:\/\/selectosibericos.com\/?post_type=product&#038;p=19213"},"modified":"2025-10-11T12:46:34","modified_gmt":"2025-10-11T17:46:34","slug":"caja-de-regalo-tesoro-iberico-navideno","status":"publish","type":"product","link":"https:\/\/selectosibericos.com\/en\/product\/caja-de-regalo-tesoro-iberico-navideno\/","title":{"rendered":"Caja de Regalo: Tesoro Ib\u00e9rico"},"content":{"rendered":"","protected":false},"excerpt":{"rendered":"<p>Regala una experiencia \u00fanica con esta exquisita selecci\u00f3n de sabores navide\u00f1os. Esta caja incluye:<\/p>\n<ul>\n<li><strong>Tabla de jam\u00f3n serrano gran reserva<\/strong>, un cl\u00e1sico gourmet.<\/li>\n<li><strong>Cu\u00f1a de queso manchego semicurado<\/strong>, suave y vers\u00e1til.<\/li>\n<li><strong>Chorizo sarta<\/strong>\u00a0y <strong>fuet extra<\/strong>, dos joyas de la charcuter\u00eda ib\u00e9rica.<\/li>\n<li>Un toque especial con <strong>mermelada<\/strong>, ideal para acompa\u00f1ar quesos y embutidos.<\/li>\n<li>Delicias dulces como <strong>chocolate<\/strong>\u00a0y <strong>turr\u00f3n de chocolate con almendras y leche<\/strong>.<\/li>\n<li><strong>Vino MasterChef Rosado Navarra<\/strong>, perfecto para brindar en cualquier ocasi\u00f3n especial.<\/li>\n<li>Y una <strong>tarjeta dedicatoria<\/strong> para personalizar tu mensaje.<\/li>\n<\/ul>\n<p>Un regalo que combina tradici\u00f3n, sofisticaci\u00f3n y el aut\u00e9ntico sabor ib\u00e9rico. \ud83c\udf81\ud83c\udf77\u2728<\/p>\n<p><strong>FOTO REFERENCIAL.<br \/>\nAlgunos productos pueden cambiar el sabor seg\u00fan disponibilidad de stock.<br \/>\n<\/strong><\/p>","protected":false},"featured_media":20702,"template":"","meta":[],"product_brand":[],"product_cat":[491],"product_tag":[551,553,550],"class_list":{"0":"post-19213","1":"product","2":"type-product","3":"status-publish","4":"has-post-thumbnail","6":"product_cat-regalos","7":"product_tag-caja-de-regalo","8":"product_tag-canasta-navidena","9":"product_tag-regalo","10":"tm-has-options","12":"first","13":"instock","14":"shipping-taxable","15":"purchasable","16":"product-type-simple"},"_links":{"self":[{"href":"https:\/\/selectosibericos.com\/en\/wp-json\/wp\/v2\/product\/19213","targetHints":{"allow":["GET"]}}],"collection":[{"href":"https:\/\/selectosibericos.com\/en\/wp-json\/wp\/v2\/product"}],"about":[{"href":"https:\/\/selectosibericos.com\/en\/wp-json\/wp\/v2\/types\/product"}],"version-history":[{"count":7,"href":"https:\/\/selectosibericos.com\/en\/wp-json\/wp\/v2\/product\/19213\/revisions"}],"predecessor-version":[{"id":20708,"href":"https:\/\/selectosibericos.com\/en\/wp-json\/wp\/v2\/product\/19213\/revisions\/20708"}],"wp:featuredmedia":[{"embeddable":true,"href":"https:\/\/selectosibericos.com\/en\/wp-json\/wp\/v2\/media\/20702"}],"wp:attachment":[{"href":"https:\/\/selectosibericos.com\/en\/wp-json\/wp\/v2\/media?parent=19213"}],"wp:term":[{"taxonomy":"product_brand","embeddable":true,"href":"https:\/\/selectosibericos.com\/en\/wp-json\/wp\/v2\/product_brand?post=19213"},{"taxonomy":"product_cat","embeddable":true,"href":"https:\/\/selectosibericos.com\/en\/wp-json\/wp\/v2\/product_cat?post=19213"},{"taxonomy":"product_tag","embeddable":true,"href":"https:\/\/selectosibericos.com\/en\/wp-json\/wp\/v2\/product_tag?post=19213"}],"curies":[{"name":"wp","href":"https:\/\/api.w.org\/{rel}","templated":true}]}}