{"id":19015,"date":"2024-11-27T18:05:48","date_gmt":"2024-11-27T23:05:48","guid":{"rendered":"https:\/\/selectosibericos.com\/?post_type=product&#038;p=19015"},"modified":"2026-02-28T09:37:46","modified_gmt":"2026-02-28T14:37:46","slug":"turron-de-coco-200-grs-san-andres","status":"publish","type":"product","link":"https:\/\/selectosibericos.com\/en\/product\/turron-de-coco-200-grs-san-andres\/","title":{"rendered":"Turron De Coco 200 Grs  San Andres"},"content":{"rendered":"","protected":false},"excerpt":{"rendered":"<p>El turr\u00f3n ideal para quienes buscan un toque tropical en sus dulces navide\u00f1os. Con un suave sabor a coco y una textura irresistible, este turr\u00f3n est\u00e1 pensado para transportarte a momentos \u00fanicos y llenos de dulzura.<\/p>\n<p>Elaborado con un 45% de coco como protagonista, se combina con una mezcla cocida de az\u00facar y jarabe de glucosa, utilizando solo ingredientes de alta calidad.<\/p>\n<p>Perfecto para los amantes del coco y para quienes desean probar algo diferente sin perder la esencia artesanal.<\/p>\n<p>\u00a1Una delicia que no querr\u00e1s dejar pasar!<\/p>","protected":false},"featured_media":19091,"template":"","meta":[],"product_brand":[],"product_cat":[727],"product_tag":[237,226,728],"class_list":{"0":"post-19015","1":"product","2":"type-product","3":"status-publish","4":"has-post-thumbnail","6":"product_cat-turrones","7":"product_tag-coco","8":"product_tag-turron","9":"product_tag-turron-de-coco","10":"tm-no-options-pxq","12":"first","13":"outofstock","14":"sale","15":"shipping-taxable","16":"purchasable","17":"product-type-simple"},"_links":{"self":[{"href":"https:\/\/selectosibericos.com\/en\/wp-json\/wp\/v2\/product\/19015","targetHints":{"allow":["GET"]}}],"collection":[{"href":"https:\/\/selectosibericos.com\/en\/wp-json\/wp\/v2\/product"}],"about":[{"href":"https:\/\/selectosibericos.com\/en\/wp-json\/wp\/v2\/types\/product"}],"version-history":[{"count":3,"href":"https:\/\/selectosibericos.com\/en\/wp-json\/wp\/v2\/product\/19015\/revisions"}],"predecessor-version":[{"id":19034,"href":"https:\/\/selectosibericos.com\/en\/wp-json\/wp\/v2\/product\/19015\/revisions\/19034"}],"wp:featuredmedia":[{"embeddable":true,"href":"https:\/\/selectosibericos.com\/en\/wp-json\/wp\/v2\/media\/19091"}],"wp:attachment":[{"href":"https:\/\/selectosibericos.com\/en\/wp-json\/wp\/v2\/media?parent=19015"}],"wp:term":[{"taxonomy":"product_brand","embeddable":true,"href":"https:\/\/selectosibericos.com\/en\/wp-json\/wp\/v2\/product_brand?post=19015"},{"taxonomy":"product_cat","embeddable":true,"href":"https:\/\/selectosibericos.com\/en\/wp-json\/wp\/v2\/product_cat?post=19015"},{"taxonomy":"product_tag","embeddable":true,"href":"https:\/\/selectosibericos.com\/en\/wp-json\/wp\/v2\/product_tag?post=19015"}],"curies":[{"name":"wp","href":"https:\/\/api.w.org\/{rel}","templated":true}]}}