{"id":18987,"date":"2024-11-25T19:14:24","date_gmt":"2024-11-26T00:14:24","guid":{"rendered":"https:\/\/selectosibericos.com\/?post_type=product&#038;p=18987"},"modified":"2025-04-12T14:53:36","modified_gmt":"2025-04-12T19:53:36","slug":"vino-senorio-de-oran-rosado","status":"publish","type":"product","link":"https:\/\/selectosibericos.com\/en\/product\/vino-senorio-de-oran-rosado\/","title":{"rendered":"Vino Se\u00f1orio de Oran rosado"},"content":{"rendered":"","protected":false},"excerpt":{"rendered":"<p>El\u00a0<strong>Se\u00f1or\u00edo de Or\u00e1n Rosado<\/strong> es un vino seco elaborado con uvas Tempranillo de cuidadosa selecci\u00f3n manual.<\/p>\n<p>Su caracter\u00edstico\u00a0<em>color piel de cebolla<\/em>\u00a0revela su corta maceraci\u00f3n, que le otorga una frescura vibrante y una acidez equilibrada, perfecta para disfrutar en cualquier ocasi\u00f3n.<\/p>\n<p><em>Un rosado que captura la esencia de la Tempranillo con elegancia y versatilidad.<\/em><\/p>","protected":false},"featured_media":18988,"template":"","meta":[],"product_brand":[],"product_cat":[566,535],"product_tag":[],"class_list":{"0":"post-18987","1":"product","2":"type-product","3":"status-publish","4":"has-post-thumbnail","6":"product_cat-vinos","7":"product_cat-vino-rosado","8":"tm-no-options-pxq","10":"first","11":"instock","12":"shipping-taxable","13":"purchasable","14":"product-type-simple"},"_links":{"self":[{"href":"https:\/\/selectosibericos.com\/en\/wp-json\/wp\/v2\/product\/18987","targetHints":{"allow":["GET"]}}],"collection":[{"href":"https:\/\/selectosibericos.com\/en\/wp-json\/wp\/v2\/product"}],"about":[{"href":"https:\/\/selectosibericos.com\/en\/wp-json\/wp\/v2\/types\/product"}],"version-history":[{"count":3,"href":"https:\/\/selectosibericos.com\/en\/wp-json\/wp\/v2\/product\/18987\/revisions"}],"predecessor-version":[{"id":19937,"href":"https:\/\/selectosibericos.com\/en\/wp-json\/wp\/v2\/product\/18987\/revisions\/19937"}],"wp:featuredmedia":[{"embeddable":true,"href":"https:\/\/selectosibericos.com\/en\/wp-json\/wp\/v2\/media\/18988"}],"wp:attachment":[{"href":"https:\/\/selectosibericos.com\/en\/wp-json\/wp\/v2\/media?parent=18987"}],"wp:term":[{"taxonomy":"product_brand","embeddable":true,"href":"https:\/\/selectosibericos.com\/en\/wp-json\/wp\/v2\/product_brand?post=18987"},{"taxonomy":"product_cat","embeddable":true,"href":"https:\/\/selectosibericos.com\/en\/wp-json\/wp\/v2\/product_cat?post=18987"},{"taxonomy":"product_tag","embeddable":true,"href":"https:\/\/selectosibericos.com\/en\/wp-json\/wp\/v2\/product_tag?post=18987"}],"curies":[{"name":"wp","href":"https:\/\/api.w.org\/{rel}","templated":true}]}}