{"id":18812,"date":"2024-11-01T13:59:07","date_gmt":"2024-11-01T18:59:07","guid":{"rendered":"https:\/\/selectosibericos.com\/?post_type=product&#038;p=18812"},"modified":"2025-05-28T10:32:30","modified_gmt":"2025-05-28T15:32:30","slug":"bocata-de-jamon-teruel","status":"publish","type":"product","link":"https:\/\/selectosibericos.com\/en\/product\/bocata-de-jamon-teruel\/","title":{"rendered":"Bocata de Jam\u00f3n Teruel"},"content":{"rendered":"","protected":false},"excerpt":{"rendered":"<p>Nuestro Bocata de Jam\u00f3n de Teruel est\u00e1 elaborado con la marca estrella del jam\u00f3n, reconocida por su calidad y sabor inconfundible.<\/p>\n<p>Preparado en pan de masa madre, cada bocado ofrece la combinaci\u00f3n perfecta de textura crujiente y el delicado, pero intenso sabor del jam\u00f3n de Teruel.<\/p>\n<p>Este bocata es ideal para disfrutar solo o acompa\u00f1ado, siendo perfecto para cualquier momento del d\u00eda.<\/p>","protected":false},"featured_media":8512,"template":"","meta":[],"product_brand":[],"product_cat":[490,639],"product_tag":[714,715,713],"class_list":{"0":"post-18812","1":"product","2":"type-product","3":"status-publish","4":"has-post-thumbnail","6":"product_cat-bocatas","7":"product_cat-jamon","8":"product_tag-jamon-de-teruel","9":"product_tag-jamon-espanol","10":"product_tag-teruel","11":"tm-has-options","13":"first","14":"instock","15":"shipping-taxable","16":"purchasable","17":"product-type-simple"},"_links":{"self":[{"href":"https:\/\/selectosibericos.com\/en\/wp-json\/wp\/v2\/product\/18812","targetHints":{"allow":["GET"]}}],"collection":[{"href":"https:\/\/selectosibericos.com\/en\/wp-json\/wp\/v2\/product"}],"about":[{"href":"https:\/\/selectosibericos.com\/en\/wp-json\/wp\/v2\/types\/product"}],"version-history":[{"count":1,"href":"https:\/\/selectosibericos.com\/en\/wp-json\/wp\/v2\/product\/18812\/revisions"}],"predecessor-version":[{"id":18813,"href":"https:\/\/selectosibericos.com\/en\/wp-json\/wp\/v2\/product\/18812\/revisions\/18813"}],"wp:featuredmedia":[{"embeddable":true,"href":"https:\/\/selectosibericos.com\/en\/wp-json\/wp\/v2\/media\/8512"}],"wp:attachment":[{"href":"https:\/\/selectosibericos.com\/en\/wp-json\/wp\/v2\/media?parent=18812"}],"wp:term":[{"taxonomy":"product_brand","embeddable":true,"href":"https:\/\/selectosibericos.com\/en\/wp-json\/wp\/v2\/product_brand?post=18812"},{"taxonomy":"product_cat","embeddable":true,"href":"https:\/\/selectosibericos.com\/en\/wp-json\/wp\/v2\/product_cat?post=18812"},{"taxonomy":"product_tag","embeddable":true,"href":"https:\/\/selectosibericos.com\/en\/wp-json\/wp\/v2\/product_tag?post=18812"}],"curies":[{"name":"wp","href":"https:\/\/api.w.org\/{rel}","templated":true}]}}