{"id":18683,"date":"2024-10-07T10:03:10","date_gmt":"2024-10-07T15:03:10","guid":{"rendered":"https:\/\/selectosibericos.com\/?post_type=product&#038;p=18683"},"modified":"2025-06-14T13:00:37","modified_gmt":"2025-06-14T18:00:37","slug":"pack-2-delicia-iberica","status":"publish","type":"product","link":"https:\/\/selectosibericos.com\/en\/product\/pack-2-delicia-iberica\/","title":{"rendered":"Pack 2: Delicia Ib\u00e9rica"},"content":{"rendered":"<p>Pedidos m\u00ednimo con 1 d\u00eda de anticipaci\u00f3n<\/p>","protected":false},"excerpt":{"rendered":"<p>Un viaje gastron\u00f3mico \u00fanico. Este pack combina jam\u00f3n serrano, tres variedades de embutidos entre ib\u00e9ricos y serranos, queso semicurado, mermelada, fruta fresca, frutos secos y tostadas.<\/p>\n<p>Todo acompa\u00f1ado de una botella de vino Galecu Tinto, para un maridaje inolvidable.<\/p>\n<p>&nbsp;<\/p>\n<p><strong>Pedidos m\u00ednimo con 1 d\u00eda de anticipaci\u00f3n.<\/strong><\/p>","protected":false},"featured_media":18684,"template":"","meta":[],"product_cat":[491],"product_tag":[],"class_list":{"0":"post-18683","1":"product","2":"type-product","3":"status-publish","4":"has-post-thumbnail","6":"product_cat-regalos","7":"tm-has-options","9":"first","10":"outofstock","11":"shipping-taxable","12":"purchasable","13":"product-type-simple"},"_links":{"self":[{"href":"https:\/\/selectosibericos.com\/en\/wp-json\/wp\/v2\/product\/18683"}],"collection":[{"href":"https:\/\/selectosibericos.com\/en\/wp-json\/wp\/v2\/product"}],"about":[{"href":"https:\/\/selectosibericos.com\/en\/wp-json\/wp\/v2\/types\/product"}],"version-history":[{"count":4,"href":"https:\/\/selectosibericos.com\/en\/wp-json\/wp\/v2\/product\/18683\/revisions"}],"predecessor-version":[{"id":18971,"href":"https:\/\/selectosibericos.com\/en\/wp-json\/wp\/v2\/product\/18683\/revisions\/18971"}],"wp:featuredmedia":[{"embeddable":true,"href":"https:\/\/selectosibericos.com\/en\/wp-json\/wp\/v2\/media\/18684"}],"wp:attachment":[{"href":"https:\/\/selectosibericos.com\/en\/wp-json\/wp\/v2\/media?parent=18683"}],"wp:term":[{"taxonomy":"product_cat","embeddable":true,"href":"https:\/\/selectosibericos.com\/en\/wp-json\/wp\/v2\/product_cat?post=18683"},{"taxonomy":"product_tag","embeddable":true,"href":"https:\/\/selectosibericos.com\/en\/wp-json\/wp\/v2\/product_tag?post=18683"}],"curies":[{"name":"wp","href":"https:\/\/api.w.org\/{rel}","templated":true}]}}