{"id":18232,"date":"2024-09-06T20:23:10","date_gmt":"2024-09-07T01:23:10","guid":{"rendered":"https:\/\/selectosibericos.com\/?post_type=product&#038;p=18232"},"modified":"2024-09-06T20:25:43","modified_gmt":"2024-09-07T01:25:43","slug":"jamon-de-teruel-por-100-gr","status":"publish","type":"product","link":"https:\/\/selectosibericos.com\/en\/product\/jamon-de-teruel-por-100-gr\/","title":{"rendered":"Jam\u00f3n de Teruel por 100 gr"},"content":{"rendered":"<p>100 gr de Jam\u00f3n de Teruel. \u00a1Elige la presentaci\u00f3n que desees!<\/p>\n<p><em><strong>Presentaciones\u2757:<\/strong><\/em><\/p>\n<ul>\n<li><em><strong>PAPEL MANTECA:\u00a0<\/strong>rebanado y cuidadosamente\u00a0<strong>empaquetado en papel manteca<\/strong>\u00a0por cada 100 gramos.<br \/>\nEste empaque preserva la frescura del producto reci\u00e9n cortado y permite disfrutarlo en la cantidad deseada, en cualquier momento.<\/em><\/li>\n<li><em><strong>EMPACADO AL VAC\u00cdO:\u00a0<\/strong>rebanado y cuidadosamente\u00a0<strong>empaquetado al vac\u00edo<\/strong>\u00a0por cada 100 gramos.<br \/>\nEste empaque preserva la frescura del producto reci\u00e9n cortado por mucho m\u00e1s tiempo refrigerado y permite disfrutarlo en la cantidad deseada, en cualquier momento.<\/em><\/li>\n<li><em><strong>EN BASE DE CARTONCILLO:<\/strong>\u00a0rebanado y presentado en una\u00a0<strong>elegante tabla de cart\u00f3n con film<\/strong>, este empaque preserva la frescura del producto reci\u00e9n cortado, es la elecci\u00f3n perfecta para reuniones y celebraciones, y permite disfrutarlo en la cantidad deseada, en cualquier momento.<\/em><\/li>\n<li><em><strong>EN BASE DE CARTONCILLO AL VAC\u00cdO:\u00a0<\/strong>rebanado y presentado en una elegante<strong>\u00a0tabla de cart\u00f3n al vac\u00edo<\/strong>, este empaque preserva la frescura del producto reci\u00e9n cortado por mucho m\u00e1s tiempo refrigerado, es la elecci\u00f3n perfecta para reuniones y celebraciones, y permite disfrutarlo en la cantidad deseada, en cualquier momento.<\/em><\/li>\n<li><em><strong>EN BASE DE CARTONCILLO CON SOBRE SELECTOS:\u00a0<\/strong>rebanado y presentado en una elegante tabla de cart\u00f3n con un sobre, este empaque preserva la frescura del producto reci\u00e9n cortado por mucho m\u00e1s tiempo refrigerado, es la\u00a0<strong>elecci\u00f3n perfecta para hacer un regalo \u00fanico y delicioso. Incluye tarjeta dedicatoria.<\/strong><\/em><\/li>\n<\/ul>","protected":false},"excerpt":{"rendered":"<p>El Jam\u00f3n de Teruel de La Estrella del Jam\u00f3n es un producto de denominaci\u00f3n de origen, elaborado artesanalmente en la provincia de Teruel.<\/p>\n<p>Este jam\u00f3n destaca por su curaci\u00f3n lenta y natural, que le otorga un sabor suave y equilibrado, con ligeros toques dulces y un aroma inconfundible.<\/p>\n<p>Su textura delicada y su infiltraci\u00f3n de grasa uniforme lo convierten en una opci\u00f3n perfecta para disfrutar solo o acompa\u00f1ado de pan y aceite de oliva.<\/p>\n<p>Ideal para aquellos que buscan la autenticidad de los mejores jamones espa\u00f1oles.<\/p>\n<p>100 gr de Jam\u00f3n de Teruel. \u00a1Elige la presentaci\u00f3n que desees!<\/p>","protected":false},"featured_media":7694,"template":"","meta":[],"product_brand":[],"product_cat":[555,560],"product_tag":[270,356,355,176,644],"class_list":{"0":"post-18232","1":"product","2":"type-product","3":"status-publish","4":"has-post-thumbnail","6":"product_cat-jamones","7":"product_cat-por-gramos-deshuesado","8":"product_tag-jamon","9":"product_tag-jamonreserva","10":"product_tag-jamonserrano","11":"product_tag-reserva","12":"product_tag-serrano","13":"tm-has-options","15":"first","16":"instock","17":"shipping-taxable","18":"purchasable","19":"product-type-simple"},"_links":{"self":[{"href":"https:\/\/selectosibericos.com\/en\/wp-json\/wp\/v2\/product\/18232","targetHints":{"allow":["GET"]}}],"collection":[{"href":"https:\/\/selectosibericos.com\/en\/wp-json\/wp\/v2\/product"}],"about":[{"href":"https:\/\/selectosibericos.com\/en\/wp-json\/wp\/v2\/types\/product"}],"version-history":[{"count":1,"href":"https:\/\/selectosibericos.com\/en\/wp-json\/wp\/v2\/product\/18232\/revisions"}],"predecessor-version":[{"id":18233,"href":"https:\/\/selectosibericos.com\/en\/wp-json\/wp\/v2\/product\/18232\/revisions\/18233"}],"wp:featuredmedia":[{"embeddable":true,"href":"https:\/\/selectosibericos.com\/en\/wp-json\/wp\/v2\/media\/7694"}],"wp:attachment":[{"href":"https:\/\/selectosibericos.com\/en\/wp-json\/wp\/v2\/media?parent=18232"}],"wp:term":[{"taxonomy":"product_brand","embeddable":true,"href":"https:\/\/selectosibericos.com\/en\/wp-json\/wp\/v2\/product_brand?post=18232"},{"taxonomy":"product_cat","embeddable":true,"href":"https:\/\/selectosibericos.com\/en\/wp-json\/wp\/v2\/product_cat?post=18232"},{"taxonomy":"product_tag","embeddable":true,"href":"https:\/\/selectosibericos.com\/en\/wp-json\/wp\/v2\/product_tag?post=18232"}],"curies":[{"name":"wp","href":"https:\/\/api.w.org\/{rel}","templated":true}]}}