{"id":18184,"date":"2024-09-06T17:44:52","date_gmt":"2024-09-06T22:44:52","guid":{"rendered":"https:\/\/selectosibericos.com\/?post_type=product&#038;p=18184"},"modified":"2024-09-06T19:19:13","modified_gmt":"2024-09-07T00:19:13","slug":"bacon-ahumado-por-100gr","status":"publish","type":"product","link":"https:\/\/selectosibericos.com\/en\/product\/bacon-ahumado-por-100gr\/","title":{"rendered":"Bacon ahumado por 100gr"},"content":{"rendered":"<p>100 gr de Bacon ahumado. \u00a1Elige la presentaci\u00f3n que desees!<\/p>\n<p><em><strong>Presentaciones\u2757:<\/strong><\/em><\/p>\n<ul>\n<li><em><strong>PAPEL MANTECA:\u00a0<\/strong>rebanado y cuidadosamente\u00a0<strong>empaquetado en papel manteca<\/strong>\u00a0por cada 100 gramos.<br \/>\nEste empaque preserva la frescura del producto reci\u00e9n cortado y permite disfrutarlo en la cantidad deseada, en cualquier momento.<\/em><\/li>\n<li><em><strong>EMPACADO AL VAC\u00cdO:\u00a0<\/strong>rebanado y cuidadosamente\u00a0<strong>empaquetado al vac\u00edo<\/strong>\u00a0por cada 100 gramos.<br \/>\nEste empaque preserva la frescura del producto reci\u00e9n cortado por mucho m\u00e1s tiempo refrigerado y permite disfrutarlo en la cantidad deseada, en cualquier momento.<\/em><\/li>\n<li><em><strong>EN BASE DE CARTONCILLO:<\/strong>\u00a0rebanado y presentado en una\u00a0<strong>elegante tabla de cart\u00f3n con film<\/strong>, este empaque preserva la frescura del producto reci\u00e9n cortado, es la elecci\u00f3n perfecta para reuniones y celebraciones, y permite disfrutarlo en la cantidad deseada, en cualquier momento.<\/em><\/li>\n<li><em><strong>EN BASE DE CARTONCILLO AL VAC\u00cdO:\u00a0<\/strong>rebanado y presentado en una elegante<strong> tabla de cart\u00f3n al vac\u00edo<\/strong>, este empaque preserva la frescura del producto reci\u00e9n cortado por mucho m\u00e1s tiempo refrigerado, es la elecci\u00f3n perfecta para reuniones y celebraciones, y permite disfrutarlo en la cantidad deseada, en cualquier momento.<\/em><\/li>\n<\/ul>","protected":false},"excerpt":{"rendered":"<p>El Bacon Ahumado Espa\u00f1ol es una deliciosa opci\u00f3n que combina el sabor tradicional del cerdo espa\u00f1ol con un suave toque de ahumado.<\/p>\n<p>Su carne tierna y jugosa se complementa con un aroma irresistible, ideal para realzar cualquier plato. Perfecto para acompa\u00f1ar en bocadillos, ensaladas, o como protagonista en tu desayuno.<\/p>\n<p>100 gr de Bacon ahumado. \u00a1Elige la presentaci\u00f3n que desees!<\/p>","protected":false},"featured_media":18181,"template":"","meta":[],"product_brand":[],"product_cat":[564,565],"product_tag":[382,680,518,517],"class_list":{"0":"post-18184","1":"product","2":"type-product","3":"status-publish","4":"has-post-thumbnail","6":"product_cat-embutidos-2","7":"product_cat-por-gramos-embutidos-2","8":"product_tag-bacon","9":"product_tag-bacon-ahumado","10":"product_tag-tocineta","11":"product_tag-tocino","12":"tm-has-options","14":"first","15":"instock","16":"shipping-taxable","17":"purchasable","18":"product-type-simple"},"_links":{"self":[{"href":"https:\/\/selectosibericos.com\/en\/wp-json\/wp\/v2\/product\/18184","targetHints":{"allow":["GET"]}}],"collection":[{"href":"https:\/\/selectosibericos.com\/en\/wp-json\/wp\/v2\/product"}],"about":[{"href":"https:\/\/selectosibericos.com\/en\/wp-json\/wp\/v2\/types\/product"}],"version-history":[{"count":2,"href":"https:\/\/selectosibericos.com\/en\/wp-json\/wp\/v2\/product\/18184\/revisions"}],"predecessor-version":[{"id":18205,"href":"https:\/\/selectosibericos.com\/en\/wp-json\/wp\/v2\/product\/18184\/revisions\/18205"}],"wp:featuredmedia":[{"embeddable":true,"href":"https:\/\/selectosibericos.com\/en\/wp-json\/wp\/v2\/media\/18181"}],"wp:attachment":[{"href":"https:\/\/selectosibericos.com\/en\/wp-json\/wp\/v2\/media?parent=18184"}],"wp:term":[{"taxonomy":"product_brand","embeddable":true,"href":"https:\/\/selectosibericos.com\/en\/wp-json\/wp\/v2\/product_brand?post=18184"},{"taxonomy":"product_cat","embeddable":true,"href":"https:\/\/selectosibericos.com\/en\/wp-json\/wp\/v2\/product_cat?post=18184"},{"taxonomy":"product_tag","embeddable":true,"href":"https:\/\/selectosibericos.com\/en\/wp-json\/wp\/v2\/product_tag?post=18184"}],"curies":[{"name":"wp","href":"https:\/\/api.w.org\/{rel}","templated":true}]}}