{"id":18038,"date":"2024-09-02T11:48:59","date_gmt":"2024-09-02T16:48:59","guid":{"rendered":"https:\/\/selectosibericos.com\/?post_type=product&#038;p=18038"},"modified":"2024-09-06T20:11:07","modified_gmt":"2024-09-07T01:11:07","slug":"jamon-iberico-de-bellota-los-pedroches-por-100-gr","status":"publish","type":"product","link":"https:\/\/selectosibericos.com\/en\/product\/jamon-iberico-de-bellota-los-pedroches-por-100-gr\/","title":{"rendered":"Jam\u00f3n Ib\u00e9rico de Bellota Los Pedroches por 100 gr"},"content":{"rendered":"<p data-pm-slice=\"1 1 [&quot;bulletList&quot;,null,&quot;listItem&quot;,null]\">Jam\u00f3n ib\u00e9rico de bellota loncheado en papel manteca x 100gr<\/p>\n","protected":false},"excerpt":{"rendered":"<p><strong>Del\u00e9itate con la pureza del Jam\u00f3n Ib\u00e9rico Bellota Los Pedroches.<\/strong><\/p>\n<p>Criado en las praderas de Los Pedroches y alimentado con las mejores bellotas, este jam\u00f3n se caracteriza por su sabor delicado y matices arom\u00e1ticos inigualables.<\/p>\n<p>Su curaci\u00f3n artesanal garantiza una textura perfecta y un gusto sublime, convirti\u00e9ndose en la joya de cualquier mesa gourmet.<\/p>\n<p><em><strong>Presentaci\u00f3n\u2757:<\/strong><\/em>\u00a0<em>Jam\u00f3n ib\u00e9rico bellota loncheado y cuidadosamente empaquetado en papel manteca por cada 100 gramos.<br \/>\nEste empaque preserva la frescura del producto reci\u00e9n cortado y permite disfrutarlo en la cantidad deseada, en cualquier momento.<\/em><\/p>","protected":false},"featured_media":7289,"template":"","meta":[],"product_brand":[],"product_cat":[555,560],"product_tag":[373,270,541,540],"class_list":{"0":"post-18038","1":"product","2":"type-product","3":"status-publish","4":"has-post-thumbnail","6":"product_cat-jamones","7":"product_cat-por-gramos-deshuesado","8":"product_tag-bellota","9":"product_tag-jamon","10":"product_tag-jamon-bellota","11":"product_tag-jamon-iberico","12":"tm-no-options-pxq","14":"first","15":"outofstock","16":"shipping-taxable","17":"purchasable","18":"product-type-simple"},"_links":{"self":[{"href":"https:\/\/selectosibericos.com\/en\/wp-json\/wp\/v2\/product\/18038","targetHints":{"allow":["GET"]}}],"collection":[{"href":"https:\/\/selectosibericos.com\/en\/wp-json\/wp\/v2\/product"}],"about":[{"href":"https:\/\/selectosibericos.com\/en\/wp-json\/wp\/v2\/types\/product"}],"version-history":[{"count":2,"href":"https:\/\/selectosibericos.com\/en\/wp-json\/wp\/v2\/product\/18038\/revisions"}],"predecessor-version":[{"id":18045,"href":"https:\/\/selectosibericos.com\/en\/wp-json\/wp\/v2\/product\/18038\/revisions\/18045"}],"wp:featuredmedia":[{"embeddable":true,"href":"https:\/\/selectosibericos.com\/en\/wp-json\/wp\/v2\/media\/7289"}],"wp:attachment":[{"href":"https:\/\/selectosibericos.com\/en\/wp-json\/wp\/v2\/media?parent=18038"}],"wp:term":[{"taxonomy":"product_brand","embeddable":true,"href":"https:\/\/selectosibericos.com\/en\/wp-json\/wp\/v2\/product_brand?post=18038"},{"taxonomy":"product_cat","embeddable":true,"href":"https:\/\/selectosibericos.com\/en\/wp-json\/wp\/v2\/product_cat?post=18038"},{"taxonomy":"product_tag","embeddable":true,"href":"https:\/\/selectosibericos.com\/en\/wp-json\/wp\/v2\/product_tag?post=18038"}],"curies":[{"name":"wp","href":"https:\/\/api.w.org\/{rel}","templated":true}]}}