{"id":1792,"date":"2015-12-11T01:21:47","date_gmt":"2015-12-11T06:21:47","guid":{"rendered":"https:\/\/ibericosyperu.com\/tienda1\/producto\/bocata-chorizo-bellota\/"},"modified":"2025-05-28T12:00:49","modified_gmt":"2025-05-28T17:00:49","slug":"bocata-chorizo-bellota","status":"publish","type":"product","link":"https:\/\/selectosibericos.com\/en\/product\/bocata-chorizo-bellota\/","title":{"rendered":"Bocata de Chorizo Ib\u00e9rico Bellota"},"content":{"rendered":"","protected":false},"excerpt":{"rendered":"<p>Este bocata est\u00e1 dedicado a los paladares m\u00e1s exigentes, con chorizo ib\u00e9rico de bellota que ofrece un sabor profundo y una textura suave.<\/p>\n<p>Servido en nuestro pan artesano de masa madre y acompa\u00f1ado de aceite de oliva virgen extra, es una verdadera delicia.<\/p>","protected":false},"featured_media":18622,"template":"","meta":[],"product_brand":[],"product_cat":[490,641],"product_tag":[457,438,437,456,458],"class_list":{"0":"post-1792","1":"product","2":"type-product","3":"status-publish","4":"has-post-thumbnail","6":"product_cat-bocatas","7":"product_cat-de-embutidos","8":"product_tag-bocatas","9":"product_tag-chorizobellota","10":"product_tag-chorizoiberico","11":"product_tag-chorizoibericobellota","12":"product_tag-embutidoiberico","13":"tm-has-options","15":"first","16":"instock","17":"shipping-taxable","18":"purchasable","19":"product-type-simple"},"_links":{"self":[{"href":"https:\/\/selectosibericos.com\/en\/wp-json\/wp\/v2\/product\/1792","targetHints":{"allow":["GET"]}}],"collection":[{"href":"https:\/\/selectosibericos.com\/en\/wp-json\/wp\/v2\/product"}],"about":[{"href":"https:\/\/selectosibericos.com\/en\/wp-json\/wp\/v2\/types\/product"}],"version-history":[{"count":3,"href":"https:\/\/selectosibericos.com\/en\/wp-json\/wp\/v2\/product\/1792\/revisions"}],"predecessor-version":[{"id":17949,"href":"https:\/\/selectosibericos.com\/en\/wp-json\/wp\/v2\/product\/1792\/revisions\/17949"}],"wp:featuredmedia":[{"embeddable":true,"href":"https:\/\/selectosibericos.com\/en\/wp-json\/wp\/v2\/media\/18622"}],"wp:attachment":[{"href":"https:\/\/selectosibericos.com\/en\/wp-json\/wp\/v2\/media?parent=1792"}],"wp:term":[{"taxonomy":"product_brand","embeddable":true,"href":"https:\/\/selectosibericos.com\/en\/wp-json\/wp\/v2\/product_brand?post=1792"},{"taxonomy":"product_cat","embeddable":true,"href":"https:\/\/selectosibericos.com\/en\/wp-json\/wp\/v2\/product_cat?post=1792"},{"taxonomy":"product_tag","embeddable":true,"href":"https:\/\/selectosibericos.com\/en\/wp-json\/wp\/v2\/product_tag?post=1792"}],"curies":[{"name":"wp","href":"https:\/\/api.w.org\/{rel}","templated":true}]}}