{"id":17899,"date":"2024-08-23T12:25:08","date_gmt":"2024-08-23T17:25:08","guid":{"rendered":"https:\/\/selectosibericos.com\/?post_type=product&#038;p=17899"},"modified":"2025-05-27T16:47:57","modified_gmt":"2025-05-27T21:47:57","slug":"bocata-xl-de-jamon-iberico","status":"publish","type":"product","link":"https:\/\/selectosibericos.com\/en\/product\/bocata-xl-de-jamon-iberico\/","title":{"rendered":"Bocata Xl de Jam\u00f3n Ib\u00e9rico"},"content":{"rendered":"<p>Bocata ideal para compartir.<\/p>","protected":false},"excerpt":{"rendered":"<p>Saborea la excelencia con nuestro bocata de jam\u00f3n ib\u00e9rico <strong>tama\u00f1o XL<\/strong>, conocido por su rico sabor y textura suave.<\/p>\n<p>Preparado con nuestro <strong>pan baguette de 45cm<\/strong> de masa madre, con un toque de aceite de oliva virgen extra y tomaca, este bocata es una celebraci\u00f3n de la tradici\u00f3n ib\u00e9rica.<\/p>","protected":false},"featured_media":17901,"template":"","meta":[],"product_brand":[],"product_cat":[490,637],"product_tag":[440,270,540,576,577],"class_list":{"0":"post-17899","1":"product","2":"type-product","3":"status-publish","4":"has-post-thumbnail","6":"product_cat-bocatas","7":"product_cat-tamano-xl","8":"product_tag-bocata","9":"product_tag-jamon","10":"product_tag-jamon-iberico","11":"product_tag-jamon-serrano","12":"product_tag-sandwich","13":"tm-has-options","15":"first","16":"instock","17":"shipping-taxable","18":"purchasable","19":"product-type-simple"},"_links":{"self":[{"href":"https:\/\/selectosibericos.com\/en\/wp-json\/wp\/v2\/product\/17899","targetHints":{"allow":["GET"]}}],"collection":[{"href":"https:\/\/selectosibericos.com\/en\/wp-json\/wp\/v2\/product"}],"about":[{"href":"https:\/\/selectosibericos.com\/en\/wp-json\/wp\/v2\/types\/product"}],"version-history":[{"count":1,"href":"https:\/\/selectosibericos.com\/en\/wp-json\/wp\/v2\/product\/17899\/revisions"}],"predecessor-version":[{"id":17902,"href":"https:\/\/selectosibericos.com\/en\/wp-json\/wp\/v2\/product\/17899\/revisions\/17902"}],"wp:featuredmedia":[{"embeddable":true,"href":"https:\/\/selectosibericos.com\/en\/wp-json\/wp\/v2\/media\/17901"}],"wp:attachment":[{"href":"https:\/\/selectosibericos.com\/en\/wp-json\/wp\/v2\/media?parent=17899"}],"wp:term":[{"taxonomy":"product_brand","embeddable":true,"href":"https:\/\/selectosibericos.com\/en\/wp-json\/wp\/v2\/product_brand?post=17899"},{"taxonomy":"product_cat","embeddable":true,"href":"https:\/\/selectosibericos.com\/en\/wp-json\/wp\/v2\/product_cat?post=17899"},{"taxonomy":"product_tag","embeddable":true,"href":"https:\/\/selectosibericos.com\/en\/wp-json\/wp\/v2\/product_tag?post=17899"}],"curies":[{"name":"wp","href":"https:\/\/api.w.org\/{rel}","templated":true}]}}