{"id":17786,"date":"2024-08-22T15:23:13","date_gmt":"2024-08-22T20:23:13","guid":{"rendered":"https:\/\/selectosibericos.com\/?post_type=product&#038;p=17786"},"modified":"2024-09-06T18:27:23","modified_gmt":"2024-09-06T23:27:23","slug":"salchichon-cular-por-100-gr","status":"publish","type":"product","link":"https:\/\/selectosibericos.com\/en\/product\/salchichon-cular-por-100-gr\/","title":{"rendered":"Salchich\u00f3n Cular por 100 gr"},"content":{"rendered":"<p>100 gr de Salchich\u00f3n cular. \u00a1Elige la presentaci\u00f3n que desees!<\/p>\n<p><em><strong>Presentaciones\u2757:<\/strong><\/em><\/p>\n<ul>\n<li><em><em><strong>PAPEL MANTECA: <\/strong>rebanado y cuidadosamente <strong>empaquetado en papel manteca<\/strong> por cada 100 gramos.<br \/>\nEste empaque preserva la frescura del producto reci\u00e9n cortado y permite disfrutarlo en la cantidad deseada, en cualquier momento.<\/em><\/em><\/li>\n<li><em><em><strong>EMPACADO AL VAC\u00cdO: <\/strong>rebanado y cuidadosamente <strong>empaquetado al vac\u00edo<\/strong> por cada 100 gramos.<br \/>\nEste empaque preserva la frescura del producto reci\u00e9n cortado por mucho m\u00e1s tiempo refrigerado y permite disfrutarlo en la cantidad deseada, en cualquier momento.<\/em><\/em><\/li>\n<li><em><em><strong>EN BASE DE CARTONCILLO:<\/strong>\u00a0rebanado y presentado en una <strong>elegante tabla de cart\u00f3n con film<\/strong>, este empaque preserva la frescura del producto reci\u00e9n cortado, es la elecci\u00f3n perfecta para reuniones y celebraciones, y permite disfrutarlo en la cantidad deseada, en cualquier momento.<\/em><\/em><\/li>\n<li><em><em><strong>EN BASE DE CARTONCILLO AL VAC\u00cdO: <\/strong>rebanado y presentado en una elegante<strong> tabla de cart\u00f3n al vac\u00edo<\/strong>, este empaque preserva la frescura del producto reci\u00e9n cortado por mucho m\u00e1s tiempo refrigerado, es la elecci\u00f3n perfecta para reuniones y celebraciones, y permite disfrutarlo en la cantidad deseada, en cualquier momento.<\/em><\/em><\/li>\n<li><em><strong>EN BASE DE CARTONCILLO CON SOBRE SELECTOS: <\/strong>rebanado y presentado en una elegante tabla de cart\u00f3n con un sobre, este empaque preserva la frescura del producto reci\u00e9n cortado por mucho m\u00e1s tiempo refrigerado, es la <strong>elecci\u00f3n perfecta para hacer un regalo \u00fanico y delicioso. Incluye tarjeta dedicatoria.<\/strong><\/em><\/li>\n<\/ul>\n<p data-pm-slice=\"1 1 [&quot;bulletList&quot;,null,&quot;listItem&quot;,null]\">\n","protected":false},"excerpt":{"rendered":"<p>El Salchich\u00f3n Cular es un embutido tradicional, hecho con carne de cerdo de alta calidad y una mezcla de especias que le da un sabor suave y equilibrado.<\/p>\n<p>Su curaci\u00f3n en tripa natural resalta su textura firme y su sabor aut\u00e9ntico, convirti\u00e9ndolo en una opci\u00f3n ideal para aquellos que aprecian lo mejor de la charcuter\u00eda espa\u00f1ola.<\/p>\n<p>100 gr de Salchich\u00f3n cular. \u00a1Elige la presentaci\u00f3n que desees!<\/p>","protected":false},"featured_media":17777,"template":"","meta":[],"product_brand":[],"product_cat":[565],"product_tag":[265],"class_list":{"0":"post-17786","1":"product","2":"type-product","3":"status-publish","4":"has-post-thumbnail","6":"product_cat-por-gramos-embutidos-2","7":"product_tag-chorizo","8":"tm-has-options","10":"first","11":"instock","12":"shipping-taxable","13":"purchasable","14":"product-type-simple"},"_links":{"self":[{"href":"https:\/\/selectosibericos.com\/en\/wp-json\/wp\/v2\/product\/17786","targetHints":{"allow":["GET"]}}],"collection":[{"href":"https:\/\/selectosibericos.com\/en\/wp-json\/wp\/v2\/product"}],"about":[{"href":"https:\/\/selectosibericos.com\/en\/wp-json\/wp\/v2\/types\/product"}],"version-history":[{"count":7,"href":"https:\/\/selectosibericos.com\/en\/wp-json\/wp\/v2\/product\/17786\/revisions"}],"predecessor-version":[{"id":18191,"href":"https:\/\/selectosibericos.com\/en\/wp-json\/wp\/v2\/product\/17786\/revisions\/18191"}],"wp:featuredmedia":[{"embeddable":true,"href":"https:\/\/selectosibericos.com\/en\/wp-json\/wp\/v2\/media\/17777"}],"wp:attachment":[{"href":"https:\/\/selectosibericos.com\/en\/wp-json\/wp\/v2\/media?parent=17786"}],"wp:term":[{"taxonomy":"product_brand","embeddable":true,"href":"https:\/\/selectosibericos.com\/en\/wp-json\/wp\/v2\/product_brand?post=17786"},{"taxonomy":"product_cat","embeddable":true,"href":"https:\/\/selectosibericos.com\/en\/wp-json\/wp\/v2\/product_cat?post=17786"},{"taxonomy":"product_tag","embeddable":true,"href":"https:\/\/selectosibericos.com\/en\/wp-json\/wp\/v2\/product_tag?post=17786"}],"curies":[{"name":"wp","href":"https:\/\/api.w.org\/{rel}","templated":true}]}}