{"id":17767,"date":"2024-08-22T14:35:07","date_gmt":"2024-08-22T19:35:07","guid":{"rendered":"https:\/\/selectosibericos.com\/?post_type=product&#038;p=17767"},"modified":"2025-11-17T02:40:10","modified_gmt":"2025-11-17T07:40:10","slug":"lomo-iberico-por-100gr","status":"publish","type":"product","link":"https:\/\/selectosibericos.com\/en\/product\/lomo-iberico-por-100gr\/","title":{"rendered":"Lomo ib\u00e9rico por 100gr"},"content":{"rendered":"<div data-elementor-type=\"product-post\" data-elementor-id=\"17767\" class=\"elementor elementor-17767\" data-elementor-post-type=\"product\">\n\t\t\t\t<div class=\"wd-negative-gap elementor-element elementor-element-3a87faae e-flex e-con-boxed e-con e-parent\" data-id=\"3a87faae\" data-element_type=\"container\" data-e-type=\"container\">\n\t\t\t\t\t<div class=\"e-con-inner\">\n\t\t\t\t<div class=\"elementor-element elementor-element-3f1f687f color-scheme-inherit text-left elementor-widget elementor-widget-text-editor\" data-id=\"3f1f687f\" data-element_type=\"widget\" data-e-type=\"widget\" data-widget_type=\"text-editor.default\">\n\t\t\t\t<div class=\"elementor-widget-container\">\n\t\t\t\t\t\t\t\t\t<p>100 gr de Lomo ib\u00e9rico. \u00a1Elige la presentaci\u00f3n que desees!<\/p>\n<p><em><strong>Presentaciones\u2757:<\/strong><\/em><\/p>\n<ul>\n<li><em><strong>PAPEL MANTECA: <\/strong>rebanado y cuidadosamente <strong>empaquetado en papel manteca<\/strong> por cada 100 gramos.<br>Este empaque preserva la frescura del producto reci\u00e9n cortado y permite disfrutarlo en la cantidad deseada, en cualquier momento.<\/em><\/li>\n<li><em><strong>EMPACADO AL VAC\u00cdO: <\/strong>rebanado y cuidadosamente <strong>empaquetado al vac\u00edo<\/strong> por cada 100 gramos.<br>Este empaque preserva la frescura del producto reci\u00e9n cortado por mucho m\u00e1s tiempo refrigerado y permite disfrutarlo en la cantidad deseada, en cualquier momento.<\/em><\/li>\n<li><em><strong>EN BASE DE CARTONCILLO:<\/strong>&nbsp;rebanado y presentado en una <strong>elegante tabla de cart\u00f3n con film<\/strong>, este empaque preserva la frescura del producto reci\u00e9n cortado, es la elecci\u00f3n perfecta para reuniones y celebraciones, y permite disfrutarlo en la cantidad deseada, en cualquier momento.<\/em><\/li>\n<li><em><strong>EN BASE DE CARTONCILLO AL VAC\u00cdO: <\/strong>rebanado y presentado en una elegante<strong> tabla de cart\u00f3n al vac\u00edo<\/strong>, este empaque preserva la frescura del producto reci\u00e9n cortado por mucho m\u00e1s tiempo refrigerado, es la elecci\u00f3n perfecta para reuniones y celebraciones, y permite disfrutarlo en la cantidad deseada, en cualquier momento.<\/em><\/li>\n<li><em><strong>EN BASE DE CARTONCILLO CON SOBRE SELECTOS: <\/strong>rebanado y presentado en una elegante tabla de cart\u00f3n con un sobre, este empaque preserva la frescura del producto reci\u00e9n cortado por mucho m\u00e1s tiempo refrigerado, es la <strong>elecci\u00f3n perfecta para hacer un regalo \u00fanico y delicioso. Incluye tarjeta dedicatoria.<\/strong><\/em><\/li>\n<\/ul>\t\t\t\t\t\t\t\t<\/div>\n\t\t\t\t<\/div>\n\t\t\t\t\t<\/div>\n\t\t\t\t<\/div>\n\t\t\t\t<\/div>","protected":false},"excerpt":{"rendered":"<p>El Lomo Ib\u00e9rico Marcial es una joya de la gastronom\u00eda espa\u00f1ola.<\/p>\n<p>Elaborado a partir de la mejor carne de cerdo ib\u00e9rico, este lomo se caracteriza por su jugosidad y un sabor intenso que combina notas de piment\u00f3n y ajo, resultado de un proceso de curaci\u00f3n artesanal.<\/p>\n<p>Perfecto para disfrutar en rodajas finas, es ideal para aperitivos o como parte de una tabla de embutidos selecta.<\/p>\n<p>100 gr de Lomo Ib\u00e9rico. \u00a1Elige la presentaci\u00f3n que desees!<\/p>","protected":false},"featured_media":20786,"template":"","meta":[],"product_brand":[],"product_cat":[901,564,565],"product_tag":[268,462,461],"class_list":{"0":"post-17767","1":"product","2":"type-product","3":"status-publish","4":"has-post-thumbnail","6":"product_cat-castilla-y-leon","7":"product_cat-embutidos-2","8":"product_cat-por-gramos-embutidos-2","9":"product_tag-iberico","10":"product_tag-lomo","11":"product_tag-lomo-iberico","12":"tm-has-options","14":"first","15":"instock","16":"shipping-taxable","17":"purchasable","18":"product-type-simple"},"_links":{"self":[{"href":"https:\/\/selectosibericos.com\/en\/wp-json\/wp\/v2\/product\/17767","targetHints":{"allow":["GET"]}}],"collection":[{"href":"https:\/\/selectosibericos.com\/en\/wp-json\/wp\/v2\/product"}],"about":[{"href":"https:\/\/selectosibericos.com\/en\/wp-json\/wp\/v2\/types\/product"}],"version-history":[{"count":10,"href":"https:\/\/selectosibericos.com\/en\/wp-json\/wp\/v2\/product\/17767\/revisions"}],"predecessor-version":[{"id":20789,"href":"https:\/\/selectosibericos.com\/en\/wp-json\/wp\/v2\/product\/17767\/revisions\/20789"}],"wp:featuredmedia":[{"embeddable":true,"href":"https:\/\/selectosibericos.com\/en\/wp-json\/wp\/v2\/media\/20786"}],"wp:attachment":[{"href":"https:\/\/selectosibericos.com\/en\/wp-json\/wp\/v2\/media?parent=17767"}],"wp:term":[{"taxonomy":"product_brand","embeddable":true,"href":"https:\/\/selectosibericos.com\/en\/wp-json\/wp\/v2\/product_brand?post=17767"},{"taxonomy":"product_cat","embeddable":true,"href":"https:\/\/selectosibericos.com\/en\/wp-json\/wp\/v2\/product_cat?post=17767"},{"taxonomy":"product_tag","embeddable":true,"href":"https:\/\/selectosibericos.com\/en\/wp-json\/wp\/v2\/product_tag?post=17767"}],"curies":[{"name":"wp","href":"https:\/\/api.w.org\/{rel}","templated":true}]}}