{"id":1766,"date":"2015-12-11T01:21:47","date_gmt":"2015-12-11T06:21:47","guid":{"rendered":"https:\/\/ibericosyperu.com\/tienda1\/producto\/bocata-serrano-gran-reserva\/"},"modified":"2025-05-28T11:53:49","modified_gmt":"2025-05-28T16:53:49","slug":"bocata-serrano-gran-reserva","status":"publish","type":"product","link":"https:\/\/selectosibericos.com\/en\/product\/bocata-serrano-gran-reserva\/","title":{"rendered":"Bocata de Jam\u00f3n Serrano Gran Reserva"},"content":{"rendered":"","protected":false},"excerpt":{"rendered":"<p>El jam\u00f3n serrano gran reserva, con su curaci\u00f3n superior, ofrece un sabor intenso y refinado.<\/p>\n<p>Bocata hecho con nuestro pan de masa madre, aceite de oliva virgen extra y tomaca, este bocata es perfecto para los amantes del jam\u00f3n que buscan una experiencia de sabor \u00fanica.<\/p>","protected":false},"featured_media":8397,"template":"","meta":[],"product_brand":[],"product_cat":[490,639],"product_tag":[440,460,355,459],"class_list":{"0":"post-1766","1":"product","2":"type-product","3":"status-publish","4":"has-post-thumbnail","6":"product_cat-bocatas","7":"product_cat-jamon","8":"product_tag-bocata","9":"product_tag-bocatadejamon","10":"product_tag-jamonserrano","11":"product_tag-jamonserranogranreserva","12":"tm-has-options","14":"first","15":"instock","16":"shipping-taxable","17":"purchasable","18":"product-type-simple"},"_links":{"self":[{"href":"https:\/\/selectosibericos.com\/en\/wp-json\/wp\/v2\/product\/1766","targetHints":{"allow":["GET"]}}],"collection":[{"href":"https:\/\/selectosibericos.com\/en\/wp-json\/wp\/v2\/product"}],"about":[{"href":"https:\/\/selectosibericos.com\/en\/wp-json\/wp\/v2\/types\/product"}],"version-history":[{"count":3,"href":"https:\/\/selectosibericos.com\/en\/wp-json\/wp\/v2\/product\/1766\/revisions"}],"predecessor-version":[{"id":17952,"href":"https:\/\/selectosibericos.com\/en\/wp-json\/wp\/v2\/product\/1766\/revisions\/17952"}],"wp:featuredmedia":[{"embeddable":true,"href":"https:\/\/selectosibericos.com\/en\/wp-json\/wp\/v2\/media\/8397"}],"wp:attachment":[{"href":"https:\/\/selectosibericos.com\/en\/wp-json\/wp\/v2\/media?parent=1766"}],"wp:term":[{"taxonomy":"product_brand","embeddable":true,"href":"https:\/\/selectosibericos.com\/en\/wp-json\/wp\/v2\/product_brand?post=1766"},{"taxonomy":"product_cat","embeddable":true,"href":"https:\/\/selectosibericos.com\/en\/wp-json\/wp\/v2\/product_cat?post=1766"},{"taxonomy":"product_tag","embeddable":true,"href":"https:\/\/selectosibericos.com\/en\/wp-json\/wp\/v2\/product_tag?post=1766"}],"curies":[{"name":"wp","href":"https:\/\/api.w.org\/{rel}","templated":true}]}}