{"id":1758,"date":"2015-12-11T01:21:47","date_gmt":"2015-12-11T06:21:47","guid":{"rendered":"https:\/\/ibericosyperu.com\/tienda1\/producto\/bocata-serrano-bodega\/"},"modified":"2025-05-28T11:50:40","modified_gmt":"2025-05-28T16:50:40","slug":"bocata-serrano-bodega","status":"publish","type":"product","link":"https:\/\/selectosibericos.com\/en\/product\/bocata-serrano-bodega\/","title":{"rendered":"Bocata de Jam\u00f3n Serrano Bodega"},"content":{"rendered":"","protected":false},"excerpt":{"rendered":"<p>Disfruta de la aut\u00e9ntica tradici\u00f3n espa\u00f1ola con nuestro bocata de jam\u00f3n serrano bodega, cuidadosamente seleccionado por su sabor suave y equilibrado.<\/p>\n<p>Servido en pan artesano de masa madre hecho en nuestra panader\u00eda, se acompa\u00f1a con aceite de oliva virgen extra y tomaca, realzando cada bocado con un toque fresco y mediterr\u00e1neo.<\/p>","protected":false},"featured_media":8397,"template":"","meta":[],"product_brand":[],"product_cat":[490,639],"product_tag":[440,452,355],"class_list":{"0":"post-1758","1":"product","2":"type-product","3":"status-publish","4":"has-post-thumbnail","6":"product_cat-bocatas","7":"product_cat-jamon","8":"product_tag-bocata","9":"product_tag-jamonbodega","10":"product_tag-jamonserrano","11":"tm-has-options","13":"first","14":"instock","15":"shipping-taxable","16":"purchasable","17":"product-type-simple"},"_links":{"self":[{"href":"https:\/\/selectosibericos.com\/en\/wp-json\/wp\/v2\/product\/1758","targetHints":{"allow":["GET"]}}],"collection":[{"href":"https:\/\/selectosibericos.com\/en\/wp-json\/wp\/v2\/product"}],"about":[{"href":"https:\/\/selectosibericos.com\/en\/wp-json\/wp\/v2\/types\/product"}],"version-history":[{"count":2,"href":"https:\/\/selectosibericos.com\/en\/wp-json\/wp\/v2\/product\/1758\/revisions"}],"predecessor-version":[{"id":17951,"href":"https:\/\/selectosibericos.com\/en\/wp-json\/wp\/v2\/product\/1758\/revisions\/17951"}],"wp:featuredmedia":[{"embeddable":true,"href":"https:\/\/selectosibericos.com\/en\/wp-json\/wp\/v2\/media\/8397"}],"wp:attachment":[{"href":"https:\/\/selectosibericos.com\/en\/wp-json\/wp\/v2\/media?parent=1758"}],"wp:term":[{"taxonomy":"product_brand","embeddable":true,"href":"https:\/\/selectosibericos.com\/en\/wp-json\/wp\/v2\/product_brand?post=1758"},{"taxonomy":"product_cat","embeddable":true,"href":"https:\/\/selectosibericos.com\/en\/wp-json\/wp\/v2\/product_cat?post=1758"},{"taxonomy":"product_tag","embeddable":true,"href":"https:\/\/selectosibericos.com\/en\/wp-json\/wp\/v2\/product_tag?post=1758"}],"curies":[{"name":"wp","href":"https:\/\/api.w.org\/{rel}","templated":true}]}}