{"id":1683,"date":"2015-12-11T01:21:47","date_gmt":"2015-12-11T06:21:47","guid":{"rendered":"https:\/\/ibericosyperu.com\/tienda1\/producto\/taquitos-jamon-serrano\/"},"modified":"2025-10-15T15:43:43","modified_gmt":"2025-10-15T20:43:43","slug":"taquitos-jamon-serrano","status":"publish","type":"product","link":"https:\/\/selectosibericos.com\/en\/product\/taquitos-jamon-serrano\/","title":{"rendered":"Serrano Ham Taquitos - 100gr"},"content":{"rendered":"<p>Taquitos de jam\u00f3n Serrano al vac\u00edo por 100gr.<\/p>","protected":false},"excerpt":{"rendered":"<p>Taquitos de jam\u00f3n Serrano al vac\u00edo por 100gr.<\/p>\n<p>Los Taquitos de Jam\u00f3n Serrano son perfectos para a\u00f1adir sabor y textura a tus platos.<\/p>\n<p>Elaborados con jam\u00f3n serrano de alta calidad, estos cubitos ofrecen un sabor suave y salado, ideal para enriquecer ensaladas, guisos o tapas.<\/p>\n<p>Su formato pr\u00e1ctico los hace una opci\u00f3n vers\u00e1til y f\u00e1cil de incorporar en cualquier receta.<\/p>","protected":false},"featured_media":18234,"template":"","meta":[],"product_brand":[],"product_cat":[560],"product_tag":[],"class_list":{"0":"post-1683","1":"product","2":"type-product","3":"status-publish","4":"has-post-thumbnail","6":"product_cat-por-gramos-deshuesado","7":"tm-no-options-pxq","9":"first","10":"instock","11":"shipping-taxable","12":"purchasable","13":"product-type-simple"},"_links":{"self":[{"href":"https:\/\/selectosibericos.com\/en\/wp-json\/wp\/v2\/product\/1683","targetHints":{"allow":["GET"]}}],"collection":[{"href":"https:\/\/selectosibericos.com\/en\/wp-json\/wp\/v2\/product"}],"about":[{"href":"https:\/\/selectosibericos.com\/en\/wp-json\/wp\/v2\/types\/product"}],"version-history":[{"count":2,"href":"https:\/\/selectosibericos.com\/en\/wp-json\/wp\/v2\/product\/1683\/revisions"}],"predecessor-version":[{"id":18236,"href":"https:\/\/selectosibericos.com\/en\/wp-json\/wp\/v2\/product\/1683\/revisions\/18236"}],"wp:featuredmedia":[{"embeddable":true,"href":"https:\/\/selectosibericos.com\/en\/wp-json\/wp\/v2\/media\/18234"}],"wp:attachment":[{"href":"https:\/\/selectosibericos.com\/en\/wp-json\/wp\/v2\/media?parent=1683"}],"wp:term":[{"taxonomy":"product_brand","embeddable":true,"href":"https:\/\/selectosibericos.com\/en\/wp-json\/wp\/v2\/product_brand?post=1683"},{"taxonomy":"product_cat","embeddable":true,"href":"https:\/\/selectosibericos.com\/en\/wp-json\/wp\/v2\/product_cat?post=1683"},{"taxonomy":"product_tag","embeddable":true,"href":"https:\/\/selectosibericos.com\/en\/wp-json\/wp\/v2\/product_tag?post=1683"}],"curies":[{"name":"wp","href":"https:\/\/api.w.org\/{rel}","templated":true}]}}