{"id":17968,"date":"2024-08-23T18:20:57","date_gmt":"2024-08-23T23:20:57","guid":{"rendered":"https:\/\/selectosibericos.com\/?page_id=17968"},"modified":"2025-02-06T20:14:15","modified_gmt":"2025-02-07T01:14:15","slug":"condiciones-de-las-ofertas-y-promociones","status":"publish","type":"page","link":"https:\/\/selectosibericos.com\/en\/condiciones-de-las-ofertas-y-promociones\/","title":{"rendered":"Condiciones de las ofertas y promociones"},"content":{"rendered":"<div data-elementor-type=\"wp-page\" data-elementor-id=\"17968\" class=\"elementor elementor-17968\" data-elementor-post-type=\"page\">\n\t\t\t\t<div class=\"wd-negative-gap elementor-element elementor-element-776d54a wd-section-stretch e-flex e-con-boxed e-con e-parent\" data-id=\"776d54a\" data-element_type=\"container\" data-e-type=\"container\">\n\t\t\t\t\t<div class=\"e-con-inner\">\n\t\t<div class=\"elementor-element elementor-element-0e7fe5b e-con-full e-flex e-con e-child\" data-id=\"0e7fe5b\" data-element_type=\"container\" data-e-type=\"container\">\n\t\t\t\t<\/div>\n\t\t<div class=\"elementor-element elementor-element-5b36fa6 e-con-full e-flex e-con e-child\" data-id=\"5b36fa6\" data-element_type=\"container\" data-e-type=\"container\">\n\t\t\t\t<div class=\"elementor-element elementor-element-901246c color-scheme-inherit text-left elementor-widget elementor-widget-text-editor\" data-id=\"901246c\" data-element_type=\"widget\" data-e-type=\"widget\" data-widget_type=\"text-editor.default\">\n\t\t\t\t<div class=\"elementor-widget-container\">\n\t\t\t\t\t\t\t\t\t<h2><strong>Condiciones Generales de Ofertas y Descuentos<\/strong><\/h2><ol><li><p><strong>Disponibilidad y Aplicaci\u00f3n de Promociones<\/strong>: Los precios y promociones ofrecidos en selectosibericos.com pueden diferir de los disponibles en otros canales de venta. A menos que se indique expresamente lo contrario, las ofertas publicadas solo son v\u00e1lidas para compras realizadas a trav\u00e9s de este sitio web.<\/p><\/li><li><p><strong>Vigencia de Precios y Promociones<\/strong>: Los precios y promociones de los productos y servicios son v\u00e1lidos \u00fanicamente mientras est\u00e9n visibles en el sitio web. Nos reservamos el derecho de modificar o cancelar cualquier informaci\u00f3n en cualquier momento y sin previo aviso.<\/p><\/li><li><p><strong>Aplicaci\u00f3n de Descuentos<\/strong>: Los descuentos deben ser aplicados en el momento de la compra y son v\u00e1lidos solo durante las fechas indicadas. Las condiciones adicionales espec\u00edficas se detallar\u00e1n en el cup\u00f3n o en la p\u00e1gina de promoci\u00f3n.<\/p><\/li><li><p><strong>Restricciones y Exclusiones<\/strong>: Algunas ofertas pueden estar sujetas a restricciones. Las condiciones espec\u00edficas de cada oferta se indicar\u00e1n claramente en el sitio web o en la publicidad relacionada.<\/p><\/li><li><p><strong>Errores y Correcciones<\/strong>: Nos reservamos el derecho de corregir errores tipogr\u00e1ficos o de precios y ajustar las promociones en consecuencia.<\/p><\/li><li><p><strong>Aceptaci\u00f3n de T\u00e9rminos<\/strong>: Al usar cupones de descuento y participar en promociones, el usuario acepta las condiciones establecidas para cada oferta y entiende que cualquier uso indebido puede resultar en la anulaci\u00f3n del descuento.<\/p><p><strong>PROMOCIONES ACTIVAS:\u00a0<br \/><\/strong><br \/><strong>PROMOCI\u00d3N FEBRERO 2025<\/strong><\/p><p><strong>1. Descripci\u00f3n de la Promoci\u00f3n<\/strong><br \/>Por compras mayores a <strong>S\/200.00<\/strong> en Selectos Ib\u00e9ricos, el cliente podr\u00e1 reclamar <strong>una pizza totalmente gratis<\/strong> del sabor de su preferencia (seg\u00fan disponibilidad de stock).<\/p><p><strong>2. Vigencia<\/strong><\/p><ul><li>La promoci\u00f3n es v\u00e1lida <strong>del 09 al 13 de febrero de 2025<\/strong>.<\/li><li>La pizza gratuita debe ser reclamada dentro del mes de la promoci\u00f3n.<\/li><\/ul><p><strong>3. Condiciones de Redenci\u00f3n<\/strong><\/p><ul><li>Para hacer v\u00e1lido el beneficio, el cliente deber\u00e1 realizar una compra m\u00ednima de <strong>S\/200.00<\/strong> en una sola transacci\u00f3n.<\/li><li>La pizza gratuita debe solicitarse <strong>dentro del mes de febrero<\/strong>. Pasado este periodo, el cliente perder\u00e1 el derecho a reclamarla.<\/li><li>La promoci\u00f3n es personal e intransferible y no es acumulable con otras ofertas o descuentos.<\/li><li>No se permite el canje de la pizza gratuita por dinero en efectivo ni por otro producto o servicio.<\/li><\/ul><p><strong>4. Modificaci\u00f3n de T\u00e9rminos y Condiciones<\/strong><br \/>Selectos Ib\u00e9ricos se reserva el derecho de modificar o cancelar la promoci\u00f3n sin previo aviso.<\/p><\/li><\/ol>\t\t\t\t\t\t\t\t<\/div>\n\t\t\t\t<\/div>\n\t\t\t\t<\/div>\n\t\t<div class=\"elementor-element elementor-element-a1c8f01 e-con-full e-flex e-con e-child\" data-id=\"a1c8f01\" data-element_type=\"container\" data-e-type=\"container\">\n\t\t\t\t<\/div>\n\t\t\t\t\t<\/div>\n\t\t\t\t<\/div>\n\t\t\t\t<\/div>","protected":false},"excerpt":{"rendered":"<p>Condiciones Generales de Ofertas y Descuentos Disponibilidad y Aplicaci\u00f3n de Promociones: Los precios y promociones ofrecidos en selectosibericos.com pueden diferir<\/p>","protected":false},"author":1,"featured_media":0,"parent":0,"menu_order":0,"comment_status":"closed","ping_status":"closed","template":"","meta":{"footnotes":""},"class_list":["post-17968","page","type-page","status-publish","hentry"],"_links":{"self":[{"href":"https:\/\/selectosibericos.com\/en\/wp-json\/wp\/v2\/pages\/17968","targetHints":{"allow":["GET"]}}],"collection":[{"href":"https:\/\/selectosibericos.com\/en\/wp-json\/wp\/v2\/pages"}],"about":[{"href":"https:\/\/selectosibericos.com\/en\/wp-json\/wp\/v2\/types\/page"}],"author":[{"embeddable":true,"href":"https:\/\/selectosibericos.com\/en\/wp-json\/wp\/v2\/users\/1"}],"replies":[{"embeddable":true,"href":"https:\/\/selectosibericos.com\/en\/wp-json\/wp\/v2\/comments?post=17968"}],"version-history":[{"count":37,"href":"https:\/\/selectosibericos.com\/en\/wp-json\/wp\/v2\/pages\/17968\/revisions"}],"predecessor-version":[{"id":19573,"href":"https:\/\/selectosibericos.com\/en\/wp-json\/wp\/v2\/pages\/17968\/revisions\/19573"}],"wp:attachment":[{"href":"https:\/\/selectosibericos.com\/en\/wp-json\/wp\/v2\/media?parent=17968"}],"curies":[{"name":"wp","href":"https:\/\/api.w.org\/{rel}","templated":true}]}}