{"id":17396,"date":"2024-08-19T10:44:32","date_gmt":"2024-08-19T15:44:32","guid":{"rendered":"https:\/\/selectosibericos.com\/?page_id=17396"},"modified":"2024-12-02T17:00:41","modified_gmt":"2024-12-02T22:00:41","slug":"medios-de-pago","status":"publish","type":"page","link":"https:\/\/selectosibericos.com\/en\/medios-de-pago\/","title":{"rendered":"Medios de pago"},"content":{"rendered":"<div data-elementor-type=\"wp-page\" data-elementor-id=\"17396\" class=\"elementor elementor-17396\" data-elementor-post-type=\"page\">\n\t\t\t\t<div class=\"wd-negative-gap elementor-element elementor-element-e50bb76 wd-section-stretch e-flex e-con-boxed e-con e-parent\" data-id=\"e50bb76\" data-element_type=\"container\" data-e-type=\"container\" data-settings=\"{&quot;background_background&quot;:&quot;classic&quot;}\">\n\t\t\t\t\t<div class=\"e-con-inner\">\n\t\t\t\t<div class=\"elementor-element elementor-element-8687cc4 elementor-headline--style-highlight elementor-widget elementor-widget-animated-headline\" data-id=\"8687cc4\" data-element_type=\"widget\" data-e-type=\"widget\" data-settings=\"{&quot;marker&quot;:&quot;underline&quot;,&quot;highlighted_text&quot;:&quot;transferencia&quot;,&quot;headline_style&quot;:&quot;highlight&quot;,&quot;loop&quot;:&quot;yes&quot;,&quot;highlight_animation_duration&quot;:1200,&quot;highlight_iteration_delay&quot;:8000}\" data-widget_type=\"animated-headline.default\">\n\t\t\t\t<div class=\"elementor-widget-container\">\n\t\t\t\t\t\t\t<h3 class=\"elementor-headline\">\n\t\t\t\t\t<span class=\"elementor-headline-plain-text elementor-headline-text-wrapper\">1. Pago por <\/span>\n\t\t\t\t<span class=\"elementor-headline-dynamic-wrapper elementor-headline-text-wrapper\">\n\t\t\t\t\t<span class=\"elementor-headline-dynamic-text elementor-headline-text-active\">transferencia<\/span>\n\t\t\t\t<\/span>\n\t\t\t\t<\/h3>\n\t\t\t\t\t\t<\/div>\n\t\t\t\t<\/div>\n\t\t\t\t<div class=\"elementor-element elementor-element-170ccd9 color-scheme-inherit text-left elementor-widget elementor-widget-text-editor\" data-id=\"170ccd9\" data-element_type=\"widget\" data-e-type=\"widget\" data-widget_type=\"text-editor.default\">\n\t\t\t\t<div class=\"elementor-widget-container\">\n\t\t\t\t\t\t\t\t\t<p>Se realizar\u00e1 una transferencia bancaria por el importe total del pedido (gastos de transporte incluidos si lo hubiere), a la siguiente cuenta:<\/p>\t\t\t\t\t\t\t\t<\/div>\n\t\t\t\t<\/div>\n\t\t<div class=\"elementor-element elementor-element-a276683 e-con-full e-flex e-con e-child\" data-id=\"a276683\" data-element_type=\"container\" data-e-type=\"container\">\n\t\t<div class=\"elementor-element elementor-element-b5955fa e-con-full box-pay e-flex e-con e-child\" data-id=\"b5955fa\" data-element_type=\"container\" data-e-type=\"container\" data-settings=\"{&quot;background_background&quot;:&quot;classic&quot;}\">\n\t\t\t\t<div class=\"elementor-element elementor-element-26338a0 elementor-widget elementor-widget-image\" data-id=\"26338a0\" data-element_type=\"widget\" data-e-type=\"widget\" data-widget_type=\"image.default\">\n\t\t\t\t<div class=\"elementor-widget-container\">\n\t\t\t\t\t\t\t\t\t\t\t\t\t\t\t<img decoding=\"async\" width=\"205\" height=\"68\" src=\"https:\/\/selectosibericos.com\/wp-content\/uploads\/2024\/08\/bbva.png\" class=\"attachment-large size-large wp-image-17431\" alt=\"\" srcset=\"https:\/\/selectosibericos.com\/wp-content\/uploads\/2024\/08\/bbva.png 205w, https:\/\/selectosibericos.com\/wp-content\/uploads\/2024\/08\/bbva-18x6.png 18w, https:\/\/selectosibericos.com\/wp-content\/uploads\/2024\/08\/bbva-150x50.png 150w\" sizes=\"(max-width: 205px) 100vw, 205px\" \/>\t\t\t\t\t\t\t\t\t\t\t\t\t\t\t<\/div>\n\t\t\t\t<\/div>\n\t\t\t\t<div class=\"elementor-element elementor-element-05794b2 color-scheme-inherit text-left elementor-widget elementor-widget-text-editor\" data-id=\"05794b2\" data-element_type=\"widget\" data-e-type=\"widget\" data-widget_type=\"text-editor.default\">\n\t\t\t\t<div class=\"elementor-widget-container\">\n\t\t\t\t\t\t\t\t\t<p><strong>ESPA\u00d1A IMPORT S.A.C.<\/strong><br \/><strong>N\u00famero de cuenta:<\/strong> <br \/>0011-0117-0100133160<br \/><strong>CCI:<\/strong> 011-117-000100133160-90<\/p>\t\t\t\t\t\t\t\t<\/div>\n\t\t\t\t<\/div>\n\t\t\t\t<\/div>\n\t\t<div class=\"elementor-element elementor-element-6d8cf09 e-con-full box-pay e-flex e-con e-child\" data-id=\"6d8cf09\" data-element_type=\"container\" data-e-type=\"container\" data-settings=\"{&quot;background_background&quot;:&quot;classic&quot;}\">\n\t\t\t\t<div class=\"elementor-element elementor-element-19a152e elementor-widget elementor-widget-image\" data-id=\"19a152e\" data-element_type=\"widget\" data-e-type=\"widget\" data-widget_type=\"image.default\">\n\t\t\t\t<div class=\"elementor-widget-container\">\n\t\t\t\t\t\t\t\t\t\t\t\t\t\t\t<img decoding=\"async\" width=\"270\" height=\"68\" src=\"https:\/\/selectosibericos.com\/wp-content\/uploads\/2024\/08\/bcp.png\" class=\"attachment-large size-large wp-image-17427\" alt=\"\" srcset=\"https:\/\/selectosibericos.com\/wp-content\/uploads\/2024\/08\/bcp.png 270w, https:\/\/selectosibericos.com\/wp-content\/uploads\/2024\/08\/bcp-18x5.png 18w, https:\/\/selectosibericos.com\/wp-content\/uploads\/2024\/08\/bcp-150x38.png 150w\" sizes=\"(max-width: 270px) 100vw, 270px\" \/>\t\t\t\t\t\t\t\t\t\t\t\t\t\t\t<\/div>\n\t\t\t\t<\/div>\n\t\t\t\t<div class=\"elementor-element elementor-element-0f3454f color-scheme-inherit text-left elementor-widget elementor-widget-text-editor\" data-id=\"0f3454f\" data-element_type=\"widget\" data-e-type=\"widget\" data-widget_type=\"text-editor.default\">\n\t\t\t\t<div class=\"elementor-widget-container\">\n\t\t\t\t\t\t\t\t\t<p><strong>ESPA\u00d1A IMPORT S.A.C.<\/strong><br \/><strong>N\u00famero de cuenta:<\/strong> <br \/>1949876097053<br \/><strong>CCI:<\/strong> 00219400987609705397<\/p>\t\t\t\t\t\t\t\t<\/div>\n\t\t\t\t<\/div>\n\t\t\t\t<\/div>\n\t\t<div class=\"elementor-element elementor-element-986b811 e-con-full box-pay e-flex e-con e-child\" data-id=\"986b811\" data-element_type=\"container\" data-e-type=\"container\" data-settings=\"{&quot;background_background&quot;:&quot;classic&quot;}\">\n\t\t<div class=\"elementor-element elementor-element-0fd43d9 e-con-full box-pay e-flex e-con e-child\" data-id=\"0fd43d9\" data-element_type=\"container\" data-e-type=\"container\" data-settings=\"{&quot;background_background&quot;:&quot;classic&quot;}\">\n\t\t\t\t<\/div>\n\t\t\t\t<\/div>\n\t\t\t\t<\/div>\n\t\t<div class=\"elementor-element elementor-element-565591d e-con-full e-flex e-con e-child\" data-id=\"565591d\" data-element_type=\"container\" data-e-type=\"container\">\n\t\t\t\t<div class=\"elementor-element elementor-element-fc1c25c color-scheme-inherit text-left elementor-widget elementor-widget-text-editor\" data-id=\"fc1c25c\" data-element_type=\"widget\" data-e-type=\"widget\" data-widget_type=\"text-editor.default\">\n\t\t\t\t<div class=\"elementor-widget-container\">\n\t\t\t\t\t\t\t\t\t<h3>Importante:<\/h3><p>Es muy importante que en el campo REMITENTE u ORDENANTE indiques lo siguiente: N\u00ba de pedido \u2013 Tu nombre y apellidos (Por ejemplo:123ADEG \u2013 Edwin Suarez).<\/p><p>Tienes un plazo de 3 d\u00edas laborables para ordenar la transferencia despu\u00e9s de la realizaci\u00f3n de tu pedido. No se considerar\u00e1 efectivo el pedido hasta que confirmemos el correspondiente ingreso y por tanto, los plazos de entrega comienzan a contar a partir de esta fecha. Ten en cuenta que los pagos mediante transferencia bancaria pueden tener un periodo de tardanza de 1 a 3 d\u00edas.<\/p><p>En caso de cancelaci\u00f3n de un pedido ya pagado mediante Transferencia Bancaria, el cliente deber\u00e1 facilitar el N\u00ba de cuenta en el que desea se le realice el reembolso del importe correspondiente.<\/p><p>Dichos reembolsos se efectuar\u00e1n los d\u00edas 1 \u2013 17 de cada mes, en funci\u00f3n de la fecha de la cancelaci\u00f3n del pedido.<\/p>\t\t\t\t\t\t\t\t<\/div>\n\t\t\t\t<\/div>\n\t\t\t\t<\/div>\n\t\t\t\t<div class=\"elementor-element elementor-element-6fcd3ad elementor-headline--style-highlight elementor-widget elementor-widget-animated-headline\" data-id=\"6fcd3ad\" data-element_type=\"widget\" data-e-type=\"widget\" data-settings=\"{&quot;marker&quot;:&quot;underline&quot;,&quot;highlighted_text&quot;:&quot;Visa y Mastercard&quot;,&quot;headline_style&quot;:&quot;highlight&quot;,&quot;loop&quot;:&quot;yes&quot;,&quot;highlight_animation_duration&quot;:1200,&quot;highlight_iteration_delay&quot;:8000}\" data-widget_type=\"animated-headline.default\">\n\t\t\t\t<div class=\"elementor-widget-container\">\n\t\t\t\t\t\t\t<h3 class=\"elementor-headline\">\n\t\t\t\t\t<span class=\"elementor-headline-plain-text elementor-headline-text-wrapper\">2. Pago<\/span>\n\t\t\t\t<span class=\"elementor-headline-dynamic-wrapper elementor-headline-text-wrapper\">\n\t\t\t\t\t<span class=\"elementor-headline-dynamic-text elementor-headline-text-active\">Visa y Mastercard<\/span>\n\t\t\t\t<\/span>\n\t\t\t\t<\/h3>\n\t\t\t\t\t\t<\/div>\n\t\t\t\t<\/div>\n\t\t\t\t<div class=\"elementor-element elementor-element-ab071c2 color-scheme-inherit text-left elementor-widget elementor-widget-text-editor\" data-id=\"ab071c2\" data-element_type=\"widget\" data-e-type=\"widget\" data-widget_type=\"text-editor.default\">\n\t\t\t\t<div class=\"elementor-widget-container\">\n\t\t\t\t\t\t\t\t\t<p>Aceptamos todas las tarjetas.<\/p>\t\t\t\t\t\t\t\t<\/div>\n\t\t\t\t<\/div>\n\t\t\t\t<div class=\"elementor-element elementor-element-4fbcdc9 elementor-widget elementor-widget-spacer\" data-id=\"4fbcdc9\" data-element_type=\"widget\" data-e-type=\"widget\" data-widget_type=\"spacer.default\">\n\t\t\t\t<div class=\"elementor-widget-container\">\n\t\t\t\t\t\t\t<div class=\"elementor-spacer\">\n\t\t\t<div class=\"elementor-spacer-inner\"><\/div>\n\t\t<\/div>\n\t\t\t\t\t\t<\/div>\n\t\t\t\t<\/div>\n\t\t\t\t<div class=\"elementor-element elementor-element-46f0b42 elementor-headline--style-highlight elementor-widget elementor-widget-animated-headline\" data-id=\"46f0b42\" data-element_type=\"widget\" data-e-type=\"widget\" data-settings=\"{&quot;marker&quot;:&quot;underline&quot;,&quot;highlighted_text&quot;:&quot;Plin&quot;,&quot;headline_style&quot;:&quot;highlight&quot;,&quot;loop&quot;:&quot;yes&quot;,&quot;highlight_animation_duration&quot;:1200,&quot;highlight_iteration_delay&quot;:8000}\" data-widget_type=\"animated-headline.default\">\n\t\t\t\t<div class=\"elementor-widget-container\">\n\t\t\t\t\t\t\t<h3 class=\"elementor-headline\">\n\t\t\t\t\t<span class=\"elementor-headline-plain-text elementor-headline-text-wrapper\">3. Yape -<\/span>\n\t\t\t\t<span class=\"elementor-headline-dynamic-wrapper elementor-headline-text-wrapper\">\n\t\t\t\t\t<span class=\"elementor-headline-dynamic-text elementor-headline-text-active\">Plin<\/span>\n\t\t\t\t<\/span>\n\t\t\t\t<\/h3>\n\t\t\t\t\t\t<\/div>\n\t\t\t\t<\/div>\n\t\t\t\t<div class=\"elementor-element elementor-element-3a0dc04 color-scheme-inherit text-left elementor-widget elementor-widget-text-editor\" data-id=\"3a0dc04\" data-element_type=\"widget\" data-e-type=\"widget\" data-widget_type=\"text-editor.default\">\n\t\t\t\t<div class=\"elementor-widget-container\">\n\t\t\t\t\t\t\t\t\t<p>El numero de telefono para dichos abonos es: 949973564<br \/><strong>YAPE:<\/strong> ESPA\u00d1A IMPORT<\/p>\t\t\t\t\t\t\t\t<\/div>\n\t\t\t\t<\/div>\n\t\t\t\t\t<\/div>\n\t\t\t\t<\/div>\n\t\t\t\t<\/div>","protected":false},"excerpt":{"rendered":"<p>1. Pago por transferencia Se realizar\u00e1 una transferencia bancaria por el importe total del pedido (gastos de transporte incluidos si<\/p>","protected":false},"author":1,"featured_media":0,"parent":0,"menu_order":0,"comment_status":"closed","ping_status":"closed","template":"","meta":{"footnotes":""},"class_list":["post-17396","page","type-page","status-publish","hentry"],"_links":{"self":[{"href":"https:\/\/selectosibericos.com\/en\/wp-json\/wp\/v2\/pages\/17396","targetHints":{"allow":["GET"]}}],"collection":[{"href":"https:\/\/selectosibericos.com\/en\/wp-json\/wp\/v2\/pages"}],"about":[{"href":"https:\/\/selectosibericos.com\/en\/wp-json\/wp\/v2\/types\/page"}],"author":[{"embeddable":true,"href":"https:\/\/selectosibericos.com\/en\/wp-json\/wp\/v2\/users\/1"}],"replies":[{"embeddable":true,"href":"https:\/\/selectosibericos.com\/en\/wp-json\/wp\/v2\/comments?post=17396"}],"version-history":[{"count":71,"href":"https:\/\/selectosibericos.com\/en\/wp-json\/wp\/v2\/pages\/17396\/revisions"}],"predecessor-version":[{"id":19112,"href":"https:\/\/selectosibericos.com\/en\/wp-json\/wp\/v2\/pages\/17396\/revisions\/19112"}],"wp:attachment":[{"href":"https:\/\/selectosibericos.com\/en\/wp-json\/wp\/v2\/media?parent=17396"}],"curies":[{"name":"wp","href":"https:\/\/api.w.org\/{rel}","templated":true}]}}