{"id":5730,"date":"2021-01-23T19:30:40","date_gmt":"2021-01-24T00:30:40","guid":{"rendered":"https:\/\/selectosibericos.com\/?post_type=product&#038;p=5730"},"modified":"2024-10-04T13:36:16","modified_gmt":"2024-10-04T18:36:16","slug":"habla-rita-rosado","status":"publish","type":"product","link":"http:\/\/selectosibericos.com\/en\/product\/habla-rita-rosado\/","title":{"rendered":"Habla de Rita &#8211; Rosado"},"content":{"rendered":"<p><strong>Color<\/strong>. Atractivo rosa p\u00e1lido con ligeros toques fucsia.<\/p>\n<p><strong>Aroma<\/strong>. Fresco e intenso car\u00e1cter a pomelo con matices muy sutiles de violeta, laurel y frutas rojas del bosque.<\/p>\n<p><strong>Boca<\/strong>. Suave, redondo, delicado, desarrolla abundantes notas de frambuesa o fresa, con un final largo y lleno de matices.<\/p>","protected":false},"excerpt":{"rendered":"<p>Un vino que presenta todas las caracter\u00edsticas del verdadero Ros\u00e9 de Provence donde se ha potenciado al m\u00e1ximo la expresi\u00f3n varietal de la Syrah y la Garnacha. El resultado es un vino atractivo, elegante y con mucha personalidad.<\/p>\n<p><strong>Graduaci\u00f3n Alcoh\u00f3lica: <\/strong>13%<br \/>\n<strong>Variedad de Uva:<\/strong> Syrah \/ Garnacha<\/p>","protected":false},"featured_media":5738,"template":"","meta":[],"product_brand":[],"product_cat":[134,535],"product_tag":[],"class_list":{"0":"post-5730","1":"product","2":"type-product","3":"status-publish","4":"has-post-thumbnail","6":"product_cat-licor","7":"product_cat-vino-rosado","8":"tm-no-options-pxq","10":"first","11":"outofstock","12":"shipping-taxable","13":"purchasable","14":"product-type-simple"},"_links":{"self":[{"href":"http:\/\/selectosibericos.com\/en\/wp-json\/wp\/v2\/product\/5730","targetHints":{"allow":["GET"]}}],"collection":[{"href":"http:\/\/selectosibericos.com\/en\/wp-json\/wp\/v2\/product"}],"about":[{"href":"http:\/\/selectosibericos.com\/en\/wp-json\/wp\/v2\/types\/product"}],"version-history":[{"count":2,"href":"http:\/\/selectosibericos.com\/en\/wp-json\/wp\/v2\/product\/5730\/revisions"}],"predecessor-version":[{"id":18617,"href":"http:\/\/selectosibericos.com\/en\/wp-json\/wp\/v2\/product\/5730\/revisions\/18617"}],"wp:featuredmedia":[{"embeddable":true,"href":"http:\/\/selectosibericos.com\/en\/wp-json\/wp\/v2\/media\/5738"}],"wp:attachment":[{"href":"http:\/\/selectosibericos.com\/en\/wp-json\/wp\/v2\/media?parent=5730"}],"wp:term":[{"taxonomy":"product_brand","embeddable":true,"href":"http:\/\/selectosibericos.com\/en\/wp-json\/wp\/v2\/product_brand?post=5730"},{"taxonomy":"product_cat","embeddable":true,"href":"http:\/\/selectosibericos.com\/en\/wp-json\/wp\/v2\/product_cat?post=5730"},{"taxonomy":"product_tag","embeddable":true,"href":"http:\/\/selectosibericos.com\/en\/wp-json\/wp\/v2\/product_tag?post=5730"}],"curies":[{"name":"wp","href":"https:\/\/api.w.org\/{rel}","templated":true}]}}